{"id":2,"date":"2020-11-19T10:04:50","date_gmt":"2020-11-19T07:04:50","guid":{"rendered":"http:\/\/gokalpmakina.com\/?page_id=2"},"modified":"2021-12-23T13:34:40","modified_gmt":"2021-12-23T10:34:40","slug":"belgelerimiz","status":"publish","type":"page","link":"https:\/\/gokalpmakina.com\/?page_id=2","title":{"rendered":"Belgelerimiz"},"content":{"rendered":"<h1>Belgelerimiz<\/h1>\n<h2>G\u00f6lta\u015f \u00c7imento<\/h2>\n<p>\t\t\t\t\t\t\t\t\t\t<img decoding=\"async\" width=\"550\" height=\"778\" src=\"http:\/\/gokalpmakina.com\/wp-content\/uploads\/2021\/01\/goltas-bitirme-1.png\" alt=\"\" loading=\"lazy\" srcset=\"https:\/\/gokalpmakina.com\/wp-content\/uploads\/2021\/01\/goltas-bitirme-1.png 550w, https:\/\/gokalpmakina.com\/wp-content\/uploads\/2021\/01\/goltas-bitirme-1-212x300.png 212w\" sizes=\"auto, (max-width: 550px) 100vw, 550px\" \/><br \/>\n\t\t\t\t\t\t\t\t\t\t<img decoding=\"async\" width=\"549\" height=\"778\" src=\"http:\/\/gokalpmakina.com\/wp-content\/uploads\/2021\/01\/goltas-bitirme-2.png\" alt=\"\" loading=\"lazy\" srcset=\"https:\/\/gokalpmakina.com\/wp-content\/uploads\/2021\/01\/goltas-bitirme-2.png 549w, https:\/\/gokalpmakina.com\/wp-content\/uploads\/2021\/01\/goltas-bitirme-2-212x300.png 212w\" sizes=\"auto, (max-width: 549px) 100vw, 549px\" \/>\t\t\t\t\t\t\t\t\t\t\t<\/p>\n<h2>Bolu OYAK \u00c7imento<\/h2>\n<p>\t\t\t\t\t\t\t\t\t\t<img decoding=\"async\" width=\"558\" height=\"762\" src=\"http:\/\/gokalpmakina.com\/wp-content\/uploads\/2021\/05\/Ekran-goruntusu-2021-05-02-121503.png\" alt=\"\" loading=\"lazy\" srcset=\"https:\/\/gokalpmakina.com\/wp-content\/uploads\/2021\/05\/Ekran-goruntusu-2021-05-02-121503.png 558w, https:\/\/gokalpmakina.com\/wp-content\/uploads\/2021\/05\/Ekran-goruntusu-2021-05-02-121503-220x300.png 220w\" sizes=\"auto, (max-width: 558px) 100vw, 558px\" \/><br \/>\n\t\t\t\t\t\t\t\t\t\t<img decoding=\"async\" width=\"768\" height=\"1024\" src=\"http:\/\/gokalpmakina.com\/wp-content\/uploads\/2021\/12\/345f7c48-7457-4baa-8cae-1d54464edcdb-768x1024.jpg\" alt=\"\" loading=\"lazy\" srcset=\"https:\/\/gokalpmakina.com\/wp-content\/uploads\/2021\/12\/345f7c48-7457-4baa-8cae-1d54464edcdb-768x1024.jpg 768w, https:\/\/gokalpmakina.com\/wp-content\/uploads\/2021\/12\/345f7c48-7457-4baa-8cae-1d54464edcdb-225x300.jpg 225w, https:\/\/gokalpmakina.com\/wp-content\/uploads\/2021\/12\/345f7c48-7457-4baa-8cae-1d54464edcdb-1152x1536.jpg 1152w, https:\/\/gokalpmakina.com\/wp-content\/uploads\/2021\/12\/345f7c48-7457-4baa-8cae-1d54464edcdb.jpg 1200w\" sizes=\"auto, (max-width: 768px) 100vw, 768px\" \/><\/p>\n","protected":false},"excerpt":{"rendered":"<p>Belgelerimiz G\u00f6lta\u015f \u00c7imento Bolu OYAK \u00c7imento<\/p>\n","protected":false},"author":1,"featured_media":0,"parent":0,"menu_order":0,"comment_status":"closed","ping_status":"closed","template":"","meta":{"site-sidebar-layout":"no-sidebar","site-content-layout":"page-builder","ast-site-content-layout":"","site-content-style":"default","site-sidebar-style":"default","ast-global-header-display":"","ast-banner-title-visibility":"","ast-main-header-display":"","ast-hfb-above-header-display":"","ast-hfb-below-header-display":"","ast-hfb-mobile-header-display":"","site-post-title":"disabled","ast-breadcrumbs-content":"","ast-featured-img":"disabled","footer-sml-layout":"","theme-transparent-header-meta":"enabled","adv-header-id-meta":"","stick-header-meta":"","header-above-stick-meta":"","header-main-stick-meta":"","header-below-stick-meta":"","astra-migrate-meta-layouts":"default","ast-page-background-enabled":"default","ast-page-background-meta":{"desktop":{"background-color":"var(--ast-global-color-4)","background-image":"","background-repeat":"repeat","background-position":"center center","background-size":"auto","background-attachment":"scroll","background-type":"","background-media":"","overlay-type":"","overlay-color":"","overlay-opacity":"","overlay-gradient":""},"tablet":{"background-color":"","background-image":"","background-repeat":"repeat","background-position":"center center","background-size":"auto","background-attachment":"scroll","background-type":"","background-media":"","overlay-type":"","overlay-color":"","overlay-opacity":"","overlay-gradient":""},"mobile":{"background-color":"","background-image":"","background-repeat":"repeat","background-position":"center center","background-size":"auto","background-attachment":"scroll","background-type":"","background-media":"","overlay-type":"","overlay-color":"","overlay-opacity":"","overlay-gradient":""}},"ast-content-background-meta":{"desktop":{"background-color":"var(--ast-global-color-5)","background-image":"","background-repeat":"repeat","background-position":"center center","background-size":"auto","background-attachment":"scroll","background-type":"","background-media":"","overlay-type":"","overlay-color":"","overlay-opacity":"","overlay-gradient":""},"tablet":{"background-color":"var(--ast-global-color-5)","background-image":"","background-repeat":"repeat","background-position":"center center","background-size":"auto","background-attachment":"scroll","background-type":"","background-media":"","overlay-type":"","overlay-color":"","overlay-opacity":"","overlay-gradient":""},"mobile":{"background-color":"var(--ast-global-color-5)","background-image":"","background-repeat":"repeat","background-position":"center center","background-size":"auto","background-attachment":"scroll","background-type":"","background-media":"","overlay-type":"","overlay-color":"","overlay-opacity":"","overlay-gradient":""}},"footnotes":""},"class_list":["post-2","page","type-page","status-publish","hentry"],"_links":{"self":[{"href":"https:\/\/gokalpmakina.com\/index.php?rest_route=\/wp\/v2\/pages\/2","targetHints":{"allow":["GET"]}}],"collection":[{"href":"https:\/\/gokalpmakina.com\/index.php?rest_route=\/wp\/v2\/pages"}],"about":[{"href":"https:\/\/gokalpmakina.com\/index.php?rest_route=\/wp\/v2\/types\/page"}],"author":[{"embeddable":true,"href":"https:\/\/gokalpmakina.com\/index.php?rest_route=\/wp\/v2\/users\/1"}],"replies":[{"embeddable":true,"href":"https:\/\/gokalpmakina.com\/index.php?rest_route=%2Fwp%2Fv2%2Fcomments&post=2"}],"version-history":[{"count":27,"href":"https:\/\/gokalpmakina.com\/index.php?rest_route=\/wp\/v2\/pages\/2\/revisions"}],"predecessor-version":[{"id":2048,"href":"https:\/\/gokalpmakina.com\/index.php?rest_route=\/wp\/v2\/pages\/2\/revisions\/2048"}],"wp:attachment":[{"href":"https:\/\/gokalpmakina.com\/index.php?rest_route=%2Fwp%2Fv2%2Fmedia&parent=2"}],"curies":[{"name":"wp","href":"https:\/\/api.w.org\/{rel}","templated":true}]}}