{"id":71,"date":"2017-07-12T05:53:59","date_gmt":"2017-07-12T02:53:59","guid":{"rendered":"http:\/\/gokalpmakina.com\/?page_id=71"},"modified":"2021-01-16T20:34:56","modified_gmt":"2021-01-16T17:34:56","slug":"hakkimizda","status":"publish","type":"page","link":"https:\/\/gokalpmakina.com\/?page_id=71","title":{"rendered":"Hakk\u0131m\u0131zda"},"content":{"rendered":"<h1>Hakk\u0131m\u0131zda<\/h1>\n<p>\t\t\t\t\t\t\t\t\t\t<img decoding=\"async\" src=\"http:\/\/gokalpmakina.com\/wp-content\/uploads\/elementor\/thumbs\/our-story-img-1-oyn2g69hf2theytlb1z7mkwkv95tjaeb2l60bewug0.jpg\" title=\"our-story-img.jpg\" alt=\"our-story-img.jpg\" \/>\t\t\t\t\t\t\t\t\t\t\t<\/p>\n<h2>Vizyonumuz<\/h2>\n<p>Faaliyet g\u00f6sterdi\u011fi her alanda d\u00fcnyan\u0131n \u00f6nde gelen firmalar\u0131 aras\u0131nda olan, teknolojik yeniliklerle s\u00fcrekli geli\u015fen, m\u00fc\u015fterilerinin beklentilerini kar\u015f\u0131layan kalitede \u00fcr\u00fcnler \u00fcreten, m\u00fc\u015fteri ve \u00e7al\u0131\u015fanlar\u0131na de\u011fer katarak onlar\u0131n memnuniyetini sa\u011flayan, topluma ve \u00fclkesine faydal\u0131, global bir \u015firket olmak.\u00a0<\/p>\n<ul>\n<li>\n\t\t\t\t\t\t\t\t\t\tProfesyonellik\n\t\t\t\t\t\t\t\t\t<\/li>\n<li>\n\t\t\t\t\t\t\t\t\t\tParlak Fikirler\n\t\t\t\t\t\t\t\t\t<\/li>\n<\/ul>\n<ul>\n<li>\n\t\t\t\t\t\t\t\t\t\tHassas \u0130\u015f\u00e7ilik\n\t\t\t\t\t\t\t\t\t<\/li>\n<li>\n\t\t\t\t\t\t\t\t\t\t7\/24 Hizmet\n\t\t\t\t\t\t\t\t\t<\/li>\n<\/ul>\n<h2>Misyonumuz<\/h2>\n<p>Topluma ve \u00e7evreye sayg\u0131l\u0131, verimli, etkin ve y\u00fcksek sorumluluk bilinci i\u00e7erisinde \u00e7al\u0131\u015farak s\u00fcrd\u00fcr\u00fclebilir k\u00e2rl\u0131l\u0131\u011f\u0131 sa\u011flamak.\u00a0<\/p>\n<p>2017 y\u0131l\u0131nda ELAZI\u011e\u2019da; ba\u015fta \u00e7imento ve toprak sanayii olmak \u00fczere demir-\u00e7elik, enerji ve madencilik sanayii gibi sekt\u00f6rlerde faaliyet g\u00f6steren kurulu\u015flara\u00a0 hizmet vermek \u00fczere kurulmu\u015f bir m\u00fcteahhitlik firmas\u0131d\u0131r.<\/p>\n<p>Fabrikalar\u0131n ve tesislerin, imalat, montaj, revizyon bak\u0131m s\u00fcre\u00e7lerinin tamam\u0131n\u0131 veya belirli bir k\u0131sm\u0131n\u0131 yapmak \u00fczere kurulmu\u015f olan firmam\u0131z, zaman i\u00e7erisinde teslim etti\u011fi i\u015flerde g\u00f6sterdi\u011fi ba\u015far\u0131 ile ilgili sekt\u00f6r ve kurulu\u015flar\u0131n g\u00fcvenini kazanm\u0131\u015f ve alan\u0131nda tercih edilen firmalardan birisi olmu\u015ftur.<\/p>\n<p>\t\t\t\t\t\t\t\t\t\t<img decoding=\"async\" src=\"http:\/\/gokalpmakina.com\/wp-content\/uploads\/elementor\/thumbs\/video-bg-2-1-oyn2g92zzkxcdsphul73c26ynerx6dpi2z4gr8sm2o.jpg\" title=\"video-bg-2.jpg\" alt=\"video-bg-2.jpg\" \/>\t\t\t\t\t\t\t\t\t\t\t<\/p>\n<h2>Ne Sunuyoruz?<\/h2>\n<p>\t\t\t\t\t\t\t\t\t\t<img decoding=\"async\" width=\"370\" height=\"220\" src=\"http:\/\/gokalpmakina.com\/wp-content\/uploads\/2020\/08\/requirements.jpg\" alt=\"\" loading=\"lazy\" srcset=\"https:\/\/gokalpmakina.com\/wp-content\/uploads\/2020\/08\/requirements.jpg 370w, https:\/\/gokalpmakina.com\/wp-content\/uploads\/2020\/08\/requirements-300x178.jpg 300w\" sizes=\"auto, (max-width: 370px) 100vw, 370px\" \/>\t\t\t\t\t\t\t\t\t\t\t<\/p>\n<h4>\u0130htiya\u00e7lar\u0131n\u0131z\u0131 Anl\u0131yoruz<\/h4>\n<p>Yapt\u0131\u011f\u0131m\u0131z g\u00f6r\u00fc\u015fmeler sonucu sizin ihtiyac\u0131n\u0131z\u0131 en do\u011fru \u015fekilde belirleyip \u00e7\u00f6z\u00fcm \u00fcretiyoruz.<\/p>\n<p>\t\t\t\t\t\t\t\t\t\t<img decoding=\"async\" width=\"370\" height=\"220\" src=\"http:\/\/gokalpmakina.com\/wp-content\/uploads\/2020\/08\/work.jpg\" alt=\"\" loading=\"lazy\" srcset=\"https:\/\/gokalpmakina.com\/wp-content\/uploads\/2020\/08\/work.jpg 370w, https:\/\/gokalpmakina.com\/wp-content\/uploads\/2020\/08\/work-300x178.jpg 300w\" sizes=\"auto, (max-width: 370px) 100vw, 370px\" \/>\t\t\t\t\t\t\t\t\t\t\t<\/p>\n<h4>Ak\u0131lc\u0131 \u00c7al\u0131\u015f\u0131yoruz<\/h4>\n<p>\u00dcretti\u011fimiz \u00e7\u00f6z\u00fcm\u00fc sahada en ak\u0131lc\u0131 ve verimli \u015fekilde uygulayarak tasarruf sa\u011fl\u0131yoruz.<\/p>\n<p>\t\t\t\t\t\t\t\t\t\t<img decoding=\"async\" width=\"370\" height=\"220\" src=\"http:\/\/gokalpmakina.com\/wp-content\/uploads\/2020\/08\/building.jpg\" alt=\"\" loading=\"lazy\" srcset=\"https:\/\/gokalpmakina.com\/wp-content\/uploads\/2020\/08\/building.jpg 370w, https:\/\/gokalpmakina.com\/wp-content\/uploads\/2020\/08\/building-300x178.jpg 300w\" sizes=\"auto, (max-width: 370px) 100vw, 370px\" \/>\t\t\t\t\t\t\t\t\t\t\t<\/p>\n<h4>En \u0130yi Sonucu \u00dcretiyoruz<\/h4>\n<p>Tam olarak ihtiyac\u0131n\u0131z olan sonucu talep edilen zamanda sizlere sunuyoruz.<\/p>\n<h2>De\u011ferlerimiz<\/h2>\n<h5>01.<\/h5>\n<h5>Yarat\u0131c\u0131l\u0131k <\/h5>\n<h5>02.<\/h5>\n<h5>\u015eeffafl\u0131k <\/h5>\n<h5>03.<\/h5>\n<h5>D\u00fcr\u00fcstl\u00fck <\/h5>\n<h5>04.<\/h5>\n<h5>\u0130nsana ve \u00c7evreye Sayg\u0131 <\/h5>\n<h5>05.<\/h5>\n<h5>M\u00fc\u015fteri ve \u00c7al\u0131\u015fanlar\u0131n Mutlulu\u011fu <\/h5>\n<h5>06.<\/h5>\n<h5>M\u00fckemmeliyet <\/h5>\n<h5>07.<\/h5>\n<h5>Rekabet\u00e7ilik <\/h5>\n<h5>08.<\/h5>\n<h5>G\u00fcvenilirlik<\/h5>\n<h2>Sekt\u00f6rdeki En \u0130yi Hizmeti Sunuyoruz<\/h2>\n<p>Hemen bizimle ileti\u015fime ge\u00e7erek ihtiyac\u0131n\u0131za uygun \u00e7\u00f6z\u00fcmlere ula\u015fabilirsiniz.<\/p>\n<p>\t\t\t<a href=\"\/iletisime-gec\" role=\"button\"><br \/>\n\t\t\t\t<svg xmlns=\"http:\/\/www.w3.org\/2000\/svg\" viewBox=\"0 0 32 32\"><path d=\"M 18.71875 6.78125 L 17.28125 8.21875 L 24.0625 15 L 4 15 L 4 17 L 24.0625 17 L 17.28125 23.78125 L 18.71875 25.21875 L 27.21875 16.71875 L 27.90625 16 L 27.21875 15.28125 Z\"><\/path><\/svg><br \/>\n\t\t\t\t\t\tBize Ula\u015f\u0131n<br \/>\n\t\t\t\t\t<\/a><\/p>\n","protected":false},"excerpt":{"rendered":"<p>Hakk\u0131m\u0131zda Vizyonumuz Faaliyet g\u00f6sterdi\u011fi her alanda d\u00fcnyan\u0131n \u00f6nde gelen firmalar\u0131 aras\u0131nda olan, teknolojik yeniliklerle s\u00fcrekli geli\u015fen, m\u00fc\u015fterilerinin beklentilerini kar\u015f\u0131layan kalitede \u00fcr\u00fcnler \u00fcreten, m\u00fc\u015fteri ve \u00e7al\u0131\u015fanlar\u0131na de\u011fer katarak onlar\u0131n memnuniyetini sa\u011flayan, topluma ve \u00fclkesine faydal\u0131, global bir \u015firket olmak.\u00a0 Profesyonellik Parlak Fikirler Hassas \u0130\u015f\u00e7ilik 7\/24 Hizmet Misyonumuz Topluma ve \u00e7evreye sayg\u0131l\u0131, verimli, etkin ve y\u00fcksek sorumluluk [&hellip;]<\/p>\n","protected":false},"author":1,"featured_media":0,"parent":0,"menu_order":0,"comment_status":"closed","ping_status":"closed","template":"","meta":{"site-sidebar-layout":"no-sidebar","site-content-layout":"page-builder","ast-site-content-layout":"","site-content-style":"default","site-sidebar-style":"default","ast-global-header-display":"","ast-banner-title-visibility":"","ast-main-header-display":"","ast-hfb-above-header-display":"","ast-hfb-below-header-display":"","ast-hfb-mobile-header-display":"","site-post-title":"disabled","ast-breadcrumbs-content":"","ast-featured-img":"disabled","footer-sml-layout":"","theme-transparent-header-meta":"enabled","adv-header-id-meta":"","stick-header-meta":"","header-above-stick-meta":"","header-main-stick-meta":"","header-below-stick-meta":"","astra-migrate-meta-layouts":"default","ast-page-background-enabled":"default","ast-page-background-meta":{"desktop":{"background-color":"var(--ast-global-color-4)","background-image":"","background-repeat":"repeat","background-position":"center center","background-size":"auto","background-attachment":"scroll","background-type":"","background-media":"","overlay-type":"","overlay-color":"","overlay-opacity":"","overlay-gradient":""},"tablet":{"background-color":"","background-image":"","background-repeat":"repeat","background-position":"center center","background-size":"auto","background-attachment":"scroll","background-type":"","background-media":"","overlay-type":"","overlay-color":"","overlay-opacity":"","overlay-gradient":""},"mobile":{"background-color":"","background-image":"","background-repeat":"repeat","background-position":"center center","background-size":"auto","background-attachment":"scroll","background-type":"","background-media":"","overlay-type":"","overlay-color":"","overlay-opacity":"","overlay-gradient":""}},"ast-content-background-meta":{"desktop":{"background-color":"var(--ast-global-color-5)","background-image":"","background-repeat":"repeat","background-position":"center center","background-size":"auto","background-attachment":"scroll","background-type":"","background-media":"","overlay-type":"","overlay-color":"","overlay-opacity":"","overlay-gradient":""},"tablet":{"background-color":"var(--ast-global-color-5)","background-image":"","background-repeat":"repeat","background-position":"center center","background-size":"auto","background-attachment":"scroll","background-type":"","background-media":"","overlay-type":"","overlay-color":"","overlay-opacity":"","overlay-gradient":""},"mobile":{"background-color":"var(--ast-global-color-5)","background-image":"","background-repeat":"repeat","background-position":"center center","background-size":"auto","background-attachment":"scroll","background-type":"","background-media":"","overlay-type":"","overlay-color":"","overlay-opacity":"","overlay-gradient":""}},"footnotes":""},"class_list":["post-71","page","type-page","status-publish","hentry"],"_links":{"self":[{"href":"https:\/\/gokalpmakina.com\/index.php?rest_route=\/wp\/v2\/pages\/71","targetHints":{"allow":["GET"]}}],"collection":[{"href":"https:\/\/gokalpmakina.com\/index.php?rest_route=\/wp\/v2\/pages"}],"about":[{"href":"https:\/\/gokalpmakina.com\/index.php?rest_route=\/wp\/v2\/types\/page"}],"author":[{"embeddable":true,"href":"https:\/\/gokalpmakina.com\/index.php?rest_route=\/wp\/v2\/users\/1"}],"replies":[{"embeddable":true,"href":"https:\/\/gokalpmakina.com\/index.php?rest_route=%2Fwp%2Fv2%2Fcomments&post=71"}],"version-history":[{"count":24,"href":"https:\/\/gokalpmakina.com\/index.php?rest_route=\/wp\/v2\/pages\/71\/revisions"}],"predecessor-version":[{"id":2024,"href":"https:\/\/gokalpmakina.com\/index.php?rest_route=\/wp\/v2\/pages\/71\/revisions\/2024"}],"wp:attachment":[{"href":"https:\/\/gokalpmakina.com\/index.php?rest_route=%2Fwp%2Fv2%2Fmedia&parent=71"}],"curies":[{"name":"wp","href":"https:\/\/api.w.org\/{rel}","templated":true}]}}