{"id":73,"date":"2017-07-12T05:54:01","date_gmt":"2017-07-12T05:54:01","guid":{"rendered":"http:\/\/gokalpmakina.com\/?page_id=73"},"modified":"2021-01-02T14:56:07","modified_gmt":"2021-01-02T11:56:07","slug":"iletisime-gec","status":"publish","type":"page","link":"https:\/\/gokalpmakina.com\/?page_id=73","title":{"rendered":"\u0130leti\u015fime Ge\u00e7"},"content":{"rendered":"<h1>\u0130leti\u015fime Ge\u00e7<\/h1>\n<h3>Bize Ula\u015f\u0131n<\/h3>\n<p>Bizimle bu kanallar \u00fczerinde ileti\u015fime ge\u00e7ebilirsiniz.<\/p>\n<h3>\u0130leti\u015fim Bilgilerimiz<\/h3>\n<h5>\n\t\t\t\t\tBizi Aray\u0131n<br \/>\n\t\t\t\t<\/h5>\n<p><a href=\"tel:05444120124\"> 0544 412 01 24<\/a><br \/><a href=\"tel:05380211457\u200b\">0538 021 14 57\u200b<\/a><\/p>\n<h5>\n\t\t\t\t\tE-Posta<br \/>\n\t\t\t\t<\/h5>\n<p><a href=\"mailto:info@gokalpmakina.com\">info@gokalpmakina.com<\/a><br \/><a href=\"mailto:muslum@gokalpmakina.com\">muslum@gokalpmakina.com<\/a><\/p>\n<h5>\n\t\t\t\t\tKonumumuz<br \/>\n\t\t\t\t<\/h5>\n<p>Ulukent Mah. Kervan Sok. No:30\/2 Elaz\u0131\u011f<\/p>\n<h5>\n\t\t\t\t\tMesai Saatlerimiz<br \/>\n\t\t\t\t<\/h5>\n<p>Pzt-Cmt: 08:30-18:00<\/p>\n<h3>Sosyal Medya<\/h3>\n<p>\t\t\t\t\t<a target=\"_blank\" rel=\"noopener noreferrer\"><br \/>\n\t\t\t\t\t\tFacebook-f<br \/>\n\t\t\t\t\t\t\t\t\t\t\t<\/a><br \/>\n\t\t\t\t\t<a target=\"_blank\" rel=\"noopener noreferrer\"><br \/>\n\t\t\t\t\t\tTwitter<br \/>\n\t\t\t\t\t\t\t\t\t\t\t<\/a><br \/>\n\t\t\t\t\t<a target=\"_blank\" rel=\"noopener noreferrer\"><br \/>\n\t\t\t\t\t\tGoogle-plus-g<br \/>\n\t\t\t\t\t\t\t\t\t\t\t<\/a><br \/>\n\t\t\t\t\t<a target=\"_blank\" rel=\"noopener noreferrer\"><br \/>\n\t\t\t\t\t\tLinkedin-in<br \/>\n\t\t\t\t\t\t\t\t\t\t\t<\/a><br \/>\n\t\t\t\t\t<a target=\"_blank\" rel=\"noopener noreferrer\"><br \/>\n\t\t\t\t\t\tInstagram<br \/>\n\t\t\t\t\t\t\t\t\t\t\t<\/a><br \/>\n\t\t\t<iframe frameborder=\"0\" scrolling=\"no\" marginheight=\"0\" marginwidth=\"0\" src=\"https:\/\/maps.google.com\/maps?q=38.685506707099236%2C%2039.253686193326466&amp;t=m&amp;z=19&amp;output=embed&amp;iwloc=near\" title=\"38.685506707099236, 39.253686193326466\" aria-label=\"38.685506707099236, 39.253686193326466\"><\/iframe><\/p>\n","protected":false},"excerpt":{"rendered":"<p>\u0130leti\u015fime Ge\u00e7 Bize Ula\u015f\u0131n Bizimle bu kanallar \u00fczerinde ileti\u015fime ge\u00e7ebilirsiniz. \u0130leti\u015fim Bilgilerimiz Bizi Aray\u0131n 0544 412 01 240538 021 14 57\u200b E-Posta info@gokalpmakina.commuslum@gokalpmakina.com Konumumuz Ulukent Mah. Kervan Sok. No:30\/2 Elaz\u0131\u011f Mesai Saatlerimiz Pzt-Cmt: 08:30-18:00 Sosyal Medya Facebook-f Twitter Google-plus-g Linkedin-in Instagram<\/p>\n","protected":false},"author":1,"featured_media":0,"parent":0,"menu_order":0,"comment_status":"closed","ping_status":"closed","template":"","meta":{"site-sidebar-layout":"no-sidebar","site-content-layout":"page-builder","ast-site-content-layout":"","site-content-style":"default","site-sidebar-style":"default","ast-global-header-display":"","ast-banner-title-visibility":"","ast-main-header-display":"","ast-hfb-above-header-display":"","ast-hfb-below-header-display":"","ast-hfb-mobile-header-display":"","site-post-title":"disabled","ast-breadcrumbs-content":"","ast-featured-img":"disabled","footer-sml-layout":"","theme-transparent-header-meta":"enabled","adv-header-id-meta":"","stick-header-meta":"","header-above-stick-meta":"","header-main-stick-meta":"","header-below-stick-meta":"","astra-migrate-meta-layouts":"default","ast-page-background-enabled":"default","ast-page-background-meta":{"desktop":{"background-color":"var(--ast-global-color-4)","background-image":"","background-repeat":"repeat","background-position":"center center","background-size":"auto","background-attachment":"scroll","background-type":"","background-media":"","overlay-type":"","overlay-color":"","overlay-opacity":"","overlay-gradient":""},"tablet":{"background-color":"","background-image":"","background-repeat":"repeat","background-position":"center center","background-size":"auto","background-attachment":"scroll","background-type":"","background-media":"","overlay-type":"","overlay-color":"","overlay-opacity":"","overlay-gradient":""},"mobile":{"background-color":"","background-image":"","background-repeat":"repeat","background-position":"center center","background-size":"auto","background-attachment":"scroll","background-type":"","background-media":"","overlay-type":"","overlay-color":"","overlay-opacity":"","overlay-gradient":""}},"ast-content-background-meta":{"desktop":{"background-color":"var(--ast-global-color-5)","background-image":"","background-repeat":"repeat","background-position":"center center","background-size":"auto","background-attachment":"scroll","background-type":"","background-media":"","overlay-type":"","overlay-color":"","overlay-opacity":"","overlay-gradient":""},"tablet":{"background-color":"var(--ast-global-color-5)","background-image":"","background-repeat":"repeat","background-position":"center center","background-size":"auto","background-attachment":"scroll","background-type":"","background-media":"","overlay-type":"","overlay-color":"","overlay-opacity":"","overlay-gradient":""},"mobile":{"background-color":"var(--ast-global-color-5)","background-image":"","background-repeat":"repeat","background-position":"center center","background-size":"auto","background-attachment":"scroll","background-type":"","background-media":"","overlay-type":"","overlay-color":"","overlay-opacity":"","overlay-gradient":""}},"footnotes":""},"class_list":["post-73","page","type-page","status-publish","hentry"],"_links":{"self":[{"href":"https:\/\/gokalpmakina.com\/index.php?rest_route=\/wp\/v2\/pages\/73","targetHints":{"allow":["GET"]}}],"collection":[{"href":"https:\/\/gokalpmakina.com\/index.php?rest_route=\/wp\/v2\/pages"}],"about":[{"href":"https:\/\/gokalpmakina.com\/index.php?rest_route=\/wp\/v2\/types\/page"}],"author":[{"embeddable":true,"href":"https:\/\/gokalpmakina.com\/index.php?rest_route=\/wp\/v2\/users\/1"}],"replies":[{"embeddable":true,"href":"https:\/\/gokalpmakina.com\/index.php?rest_route=%2Fwp%2Fv2%2Fcomments&post=73"}],"version-history":[{"count":13,"href":"https:\/\/gokalpmakina.com\/index.php?rest_route=\/wp\/v2\/pages\/73\/revisions"}],"predecessor-version":[{"id":1960,"href":"https:\/\/gokalpmakina.com\/index.php?rest_route=\/wp\/v2\/pages\/73\/revisions\/1960"}],"wp:attachment":[{"href":"https:\/\/gokalpmakina.com\/index.php?rest_route=%2Fwp%2Fv2%2Fmedia&parent=73"}],"curies":[{"name":"wp","href":"https:\/\/api.w.org\/{rel}","templated":true}]}}