{"id":74,"date":"2017-07-12T05:54:02","date_gmt":"2017-07-12T02:54:02","guid":{"rendered":"http:\/\/gokalpmakina.com\/?page_id=74"},"modified":"2022-07-20T18:51:14","modified_gmt":"2022-07-20T15:51:14","slug":"projelerimiz","status":"publish","type":"page","link":"https:\/\/gokalpmakina.com\/?page_id=74","title":{"rendered":"Projelerimiz"},"content":{"rendered":"<h1>Projelerimiz<\/h1>\n<h2>Son Projelerimiz<\/h2>\n<p>Neler yapabilece\u011fimize g\u00f6z at\u0131n.<\/p>\n<h3>AS \u00c7imento<\/h3>\n<p>\t\t\t01.\t\t<\/p>\n<h3>G\u00f6lta\u015f \u00c7imento<\/h3>\n<p>\t\t\t02.\t\t<\/p>\n<h3>Bolu OYAK \u00c7imento<\/h3>\n<p>\t\t\t03.\t\t<\/p>\n<h3>Bota\u015f A\u015e.<br \/>do\u011fubayaz\u0131t<\/h3>\n<p>\t\t\t04.\t\t<\/p>\n<h3>OYKA <br \/>Ka\u011f\u0131t Ambalaj <\/h3>\n<p>\t\t\t05.\t\t<\/p>\n<h3>Ekvator Ginesi<br \/>SOMAGEC<br \/>\u00c7imento Fabrikas\u0131<\/h3>\n<p>\t\t\t06.\t\t<\/p>\n<h3>\u00c7imenta\u015f Elaz\u0131\u011f<\/h3>\n<p>\t\t\t07.<\/p>\n","protected":false},"excerpt":{"rendered":"<p>Projelerimiz Son Projelerimiz Neler yapabilece\u011fimize g\u00f6z at\u0131n. AS \u00c7imento 01. G\u00f6lta\u015f \u00c7imento 02. Bolu OYAK \u00c7imento 03. Bota\u015f A\u015e.do\u011fubayaz\u0131t 04. OYKA Ka\u011f\u0131t Ambalaj 05. Ekvator GinesiSOMAGEC\u00c7imento Fabrikas\u0131 06. \u00c7imenta\u015f Elaz\u0131\u011f 07.<\/p>\n","protected":false},"author":1,"featured_media":0,"parent":0,"menu_order":0,"comment_status":"closed","ping_status":"closed","template":"","meta":{"site-sidebar-layout":"no-sidebar","site-content-layout":"page-builder","ast-site-content-layout":"","site-content-style":"default","site-sidebar-style":"default","ast-global-header-display":"","ast-banner-title-visibility":"","ast-main-header-display":"","ast-hfb-above-header-display":"","ast-hfb-below-header-display":"","ast-hfb-mobile-header-display":"","site-post-title":"disabled","ast-breadcrumbs-content":"","ast-featured-img":"disabled","footer-sml-layout":"","theme-transparent-header-meta":"enabled","adv-header-id-meta":"","stick-header-meta":"","header-above-stick-meta":"","header-main-stick-meta":"","header-below-stick-meta":"","astra-migrate-meta-layouts":"default","ast-page-background-enabled":"default","ast-page-background-meta":{"desktop":{"background-color":"var(--ast-global-color-4)","background-image":"","background-repeat":"repeat","background-position":"center center","background-size":"auto","background-attachment":"scroll","background-type":"","background-media":"","overlay-type":"","overlay-color":"","overlay-opacity":"","overlay-gradient":""},"tablet":{"background-color":"","background-image":"","background-repeat":"repeat","background-position":"center center","background-size":"auto","background-attachment":"scroll","background-type":"","background-media":"","overlay-type":"","overlay-color":"","overlay-opacity":"","overlay-gradient":""},"mobile":{"background-color":"","background-image":"","background-repeat":"repeat","background-position":"center center","background-size":"auto","background-attachment":"scroll","background-type":"","background-media":"","overlay-type":"","overlay-color":"","overlay-opacity":"","overlay-gradient":""}},"ast-content-background-meta":{"desktop":{"background-color":"var(--ast-global-color-5)","background-image":"","background-repeat":"repeat","background-position":"center center","background-size":"auto","background-attachment":"scroll","background-type":"","background-media":"","overlay-type":"","overlay-color":"","overlay-opacity":"","overlay-gradient":""},"tablet":{"background-color":"var(--ast-global-color-5)","background-image":"","background-repeat":"repeat","background-position":"center center","background-size":"auto","background-attachment":"scroll","background-type":"","background-media":"","overlay-type":"","overlay-color":"","overlay-opacity":"","overlay-gradient":""},"mobile":{"background-color":"var(--ast-global-color-5)","background-image":"","background-repeat":"repeat","background-position":"center center","background-size":"auto","background-attachment":"scroll","background-type":"","background-media":"","overlay-type":"","overlay-color":"","overlay-opacity":"","overlay-gradient":""}},"footnotes":""},"class_list":["post-74","page","type-page","status-publish","hentry"],"_links":{"self":[{"href":"https:\/\/gokalpmakina.com\/index.php?rest_route=\/wp\/v2\/pages\/74","targetHints":{"allow":["GET"]}}],"collection":[{"href":"https:\/\/gokalpmakina.com\/index.php?rest_route=\/wp\/v2\/pages"}],"about":[{"href":"https:\/\/gokalpmakina.com\/index.php?rest_route=\/wp\/v2\/types\/page"}],"author":[{"embeddable":true,"href":"https:\/\/gokalpmakina.com\/index.php?rest_route=\/wp\/v2\/users\/1"}],"replies":[{"embeddable":true,"href":"https:\/\/gokalpmakina.com\/index.php?rest_route=%2Fwp%2Fv2%2Fcomments&post=74"}],"version-history":[{"count":11,"href":"https:\/\/gokalpmakina.com\/index.php?rest_route=\/wp\/v2\/pages\/74\/revisions"}],"predecessor-version":[{"id":2102,"href":"https:\/\/gokalpmakina.com\/index.php?rest_route=\/wp\/v2\/pages\/74\/revisions\/2102"}],"wp:attachment":[{"href":"https:\/\/gokalpmakina.com\/index.php?rest_route=%2Fwp%2Fv2%2Fmedia&parent=74"}],"curies":[{"name":"wp","href":"https:\/\/api.w.org\/{rel}","templated":true}]}}